{"id":1059,"date":"2022-02-24T14:11:37","date_gmt":"2022-02-24T14:11:37","guid":{"rendered":"https:\/\/elearning.generation-ai.eu\/home\/"},"modified":"2023-01-13T09:04:08","modified_gmt":"2023-01-13T09:04:08","slug":"home","status":"publish","type":"page","link":"https:\/\/www.elearning.generation-ai.eu\/es\/","title":{"rendered":"Inicio"},"content":{"rendered":"<h1><span data-sheets-value=\"{&quot;1&quot;:2,&quot;2&quot;:&quot;ELIGE EL NIVEL DE TU CLASE&quot;}\" data-sheets-userformat=\"{&quot;2&quot;:7105,&quot;3&quot;:{&quot;1&quot;:0},&quot;9&quot;:0,&quot;10&quot;:1,&quot;11&quot;:4,&quot;12&quot;:0,&quot;14&quot;:{&quot;1&quot;:3,&quot;3&quot;:1},&quot;15&quot;:&quot;Arial&quot;}\">ELIGE EL NIVEL DE TU CLASE<\/span><\/h1>\n<p><img decoding=\"async\" src=\"\/wp-content\/uploads\/2022\/07\/class_grade.png\" alt=\"\"><\/p>\n<div>\n<p><span>Bienvenido a la plataforma abierta de aprendizaje electr\u00f3nico sobre Inteligencia Artificial para la Educaci\u00f3n Primaria. Este espacio de aprendizaje electr\u00f3nico contiene un conjunto de materiales multiling\u00fces de ense\u00f1anza y aprendizaje de IA-STEM para ayudar al profesorado y alumnado a adquirir habilidades digitales y competencias clave. El repositorio de Recursos Educativos Abiertos (REA) est\u00e1 codise\u00f1ado para integrar el contenido de IA dentro de las 5 competencias de alfabetizaci\u00f3n informativa y medi\u00e1tica, comunicaci\u00f3n, uso responsable, resoluci\u00f3n de problemas y creaci\u00f3n de contenidos. El contenido se fusiona en dos planes de estudio seg\u00fan el nivel escolar basado en la edad de los estudiantes (b\u00e1sico y avanzado)<\/span><\/p>\n<\/div>\n<ul>\n<li>\n        <a href=\"\/es\/courses\/lesson-plans-basic-6-8\/\">Edades B\u00e1sicas 6-8<\/a>\n    <\/li>\n<li>\n        <a href=\"\/es\/courses\/lesson-plans-advanced-9-12\/\">Edades Avanzadas 9-12<\/a>\n    <\/li>\n<\/ul>\n<h1><span data-sheets-value=\"{&quot;1&quot;:2,&quot;2&quot;:&quot;Manual-IA&quot;}\" data-sheets-userformat=\"{&quot;2&quot;:7105,&quot;3&quot;:{&quot;1&quot;:0},&quot;9&quot;:0,&quot;10&quot;:1,&quot;11&quot;:4,&quot;12&quot;:0,&quot;14&quot;:{&quot;1&quot;:3,&quot;3&quot;:1},&quot;15&quot;:&quot;Arial&quot;}\">Manual-IA<\/span><\/h1>\n<div>\n<div class=\"uk-panel uk-margin\" data-id=\"page#1-0-0-1\">\n<p><span data-sheets-value=\"{&quot;1&quot;:2,&quot;2&quot;:&quot;Ense\u00f1ando a ni\u00f1os y ni\u00f1as Inteligencia Artificial&quot;}\" data-sheets-userformat=\"{&quot;2&quot;:7105,&quot;3&quot;:{&quot;1&quot;:0},&quot;9&quot;:0,&quot;10&quot;:1,&quot;11&quot;:4,&quot;12&quot;:0,&quot;14&quot;:{&quot;1&quot;:3,&quot;3&quot;:1},&quot;15&quot;:&quot;Arial&quot;}\">Ense\u00f1ando a ni\u00f1os y ni\u00f1as Inteligencia Artificial<\/span><\/p>\n<\/div>\n<\/div>\n<p>\n    <a href=\"https:\/\/generation-ai.eu\/toolkit\/\">Manual-IA<\/a>\n<\/p>\n<p><img decoding=\"async\" src=\"\/wp-content\/uploads\/2022\/06\/program-image-07.png\" alt=\"\"><\/p>\n<p><!--more--><br \/>\n<!-- {\"type\":\"layout\",\"children\":[{\"type\":\"section\",\"props\":{\"style\":\"default\",\"width\":\"default\",\"vertical_align\":\"middle\",\"title_position\":\"top-left\",\"title_rotation\":\"left\",\"title_breakpoint\":\"xl\",\"image_position\":\"center-center\",\"class\":\"visible_to_logged_in-1\",\"height\":\"expand\"},\"children\":[{\"type\":\"row\",\"children\":[{\"type\":\"column\",\"props\":{\"position_sticky_breakpoint\":\"m\",\"image_position\":\"center-center\",\"media_overlay_gradient\":\"\"},\"children\":[{\"type\":\"headline\",\"props\":{\"title_element\":\"h1\",\"content\":\"<span data-sheets-value=\\\"{&quot;1&quot;:2,&quot;2&quot;:&quot;ELIGE EL NIVEL DE TU CLASE&quot;}\\\" data-sheets-userformat=\\\"{&quot;2&quot;:7105,&quot;3&quot;:{&quot;1&quot;:0},&quot;9&quot;:0,&quot;10&quot;:1,&quot;11&quot;:4,&quot;12&quot;:0,&quot;14&quot;:{&quot;1&quot;:3,&quot;3&quot;:1},&quot;15&quot;:&quot;Arial&quot;}\\\">ELIGE EL NIVEL DE TU CLASE<\\\/span>\",\"text_align\":\"center\",\"title_style\":\"h1\",\"title_color\":\"primary\",\"margin\":\"xlarge\",\"margin_remove_top\":false}}]}]},{\"type\":\"row\",\"props\":{\"layout\":\"1-3,2-3\",\"match\":true,\"class\":\"courses-row\",\"width\":\"default\"},\"children\":[{\"type\":\"column\",\"props\":{\"position_sticky_breakpoint\":\"m\",\"image_position\":\"center-center\",\"media_overlay_gradient\":\"\",\"width_medium\":\"1-3\"},\"children\":[{\"type\":\"image\",\"props\":{\"margin\":\"default\",\"image_svg_color\":\"emphasis\",\"image\":\"wp-content\\\/uploads\\\/2022\\\/07\\\/class_grade.png\"}}]},{\"type\":\"column\",\"props\":{\"position_sticky_breakpoint\":\"m\",\"image_position\":\"center-center\",\"media_overlay_gradient\":\"\",\"width_medium\":\"2-3\",\"vertical_align\":\"middle\"},\"children\":[{\"type\":\"text\",\"props\":{\"margin\":\"default\",\"column_breakpoint\":\"m\",\"content\":\"\n\n<p><span>Bienvenido a la plataforma abierta de aprendizaje electr\\u00f3nico sobre Inteligencia Artificial para la Educaci\\u00f3n Primaria. Este espacio de aprendizaje electr\\u00f3nico contiene un conjunto de materiales multiling\\u00fces de ense\\u00f1anza y aprendizaje de IA-STEM para ayudar al profesorado y alumnado a adquirir habilidades digitales y competencias clave. El repositorio de Recursos Educativos Abiertos (REA) est\\u00e1 codise\\u00f1ado para integrar el contenido de IA dentro de las 5 competencias de alfabetizaci\\u00f3n informativa y medi\\u00e1tica, comunicaci\\u00f3n, uso responsable, resoluci\\u00f3n de problemas y creaci\\u00f3n de contenidos. El contenido se fusiona en dos planes de estudio seg\\u00fan el nivel escolar basado en la edad de los estudiantes (b\\u00e1sico y avanzado)<\\\/span><\\\/p>\"}},{\"type\":\"button\",\"props\":{\"grid_column_gap\":\"small\",\"grid_row_gap\":\"small\",\"margin\":\"default\"},\"children\":[{\"type\":\"button_item\",\"props\":{\"button_style\":\"primary\",\"icon_align\":\"left\",\"content\":\"Edades B\\u00e1sicas 6-8\",\"link\":\"es\\\/courses\\\/lesson-plans-basic-6-8\\\/\"}},{\"type\":\"button_item\",\"props\":{\"button_style\":\"primary\",\"icon_align\":\"left\",\"content\":\"Edades Avanzadas 9-12\",\"link\":\"es\\\/courses\\\/lesson-plans-advanced-9-12\\\/\"}}]}]}]}]},{\"type\":\"section\",\"props\":{\"style\":\"muted\",\"width\":\"default\",\"vertical_align\":\"middle\",\"title_position\":\"top-left\",\"title_rotation\":\"left\",\"title_breakpoint\":\"xl\",\"image_position\":\"center-center\",\"class\":\"visible_to_logged_in-1\"},\"children\":[{\"type\":\"row\",\"props\":{\"layout\":\"1-2,1-2\"},\"children\":[{\"type\":\"column\",\"props\":{\"position_sticky_breakpoint\":\"m\",\"image_position\":\"center-center\",\"media_overlay_gradient\":\"\",\"width_medium\":\"1-2\",\"vertical_align\":\"middle\"},\"children\":[{\"type\":\"headline\",\"props\":{\"title_element\":\"h1\",\"content\":\"<span data-sheets-value=\\\"{&quot;1&quot;:2,&quot;2&quot;:&quot;Manual-IA&quot;}\\\" data-sheets-userformat=\\\"{&quot;2&quot;:7105,&quot;3&quot;:{&quot;1&quot;:0},&quot;9&quot;:0,&quot;10&quot;:1,&quot;11&quot;:4,&quot;12&quot;:0,&quot;14&quot;:{&quot;1&quot;:3,&quot;3&quot;:1},&quot;15&quot;:&quot;Arial&quot;}\\\">Manual-IA<\\\/span>\",\"title_style\":\"h1\",\"title_color\":\"primary\"}},{\"type\":\"text\",\"props\":{\"margin\":\"default\",\"column_breakpoint\":\"m\",\"content\":\"\n\n<div class=\\\"uk-panel uk-margin\\\" data-id=\\\"page#1-0-0-1\\\">\\n\n\n<p><span data-sheets-value=\\\"{&quot;1&quot;:2,&quot;2&quot;:&quot;Ense\\u00f1ando a ni\\u00f1os y ni\\u00f1as Inteligencia Artificial&quot;}\\\" data-sheets-userformat=\\\"{&quot;2&quot;:7105,&quot;3&quot;:{&quot;1&quot;:0},&quot;9&quot;:0,&quot;10&quot;:1,&quot;11&quot;:4,&quot;12&quot;:0,&quot;14&quot;:{&quot;1&quot;:3,&quot;3&quot;:1},&quot;15&quot;:&quot;Arial&quot;}\\\">Ense\\u00f1ando a ni\\u00f1os y ni\\u00f1as Inteligencia Artificial<\\\/span><\\\/p>\\n<\\\/div>\"}},{\"type\":\"button\",\"props\":{\"grid_column_gap\":\"small\",\"grid_row_gap\":\"small\",\"margin\":\"default\"},\"children\":[{\"type\":\"button_item\",\"props\":{\"button_style\":\"primary\",\"icon_align\":\"left\",\"content\":\"Manual-IA\",\"link\":\"https:\\\/\\\/generation-ai.eu\\\/toolkit\\\/\",\"link_target\":\"blank\"}}]}]},{\"type\":\"column\",\"props\":{\"position_sticky_breakpoint\":\"m\",\"image_position\":\"center-center\",\"media_overlay_gradient\":\"\",\"width_medium\":\"1-2\"},\"children\":[{\"type\":\"image\",\"props\":{\"margin\":\"default\",\"image_svg_color\":\"emphasis\",\"image\":\"wp-content\\\/uploads\\\/2022\\\/06\\\/program-image-07.png\"}}]}]}]},{\"type\":\"section\",\"props\":{\"style\":\"default\",\"width\":\"default\",\"vertical_align\":\"middle\",\"title_position\":\"top-left\",\"title_rotation\":\"left\",\"title_breakpoint\":\"xl\",\"image_position\":\"center-center\",\"class\":\"visible_to_logged_out\",\"height\":\"expand\",\"css\":\".el-section{\\n    background-color: #f2f2f2;\\n}\",\"status\":\"disabled\"},\"children\":[{\"type\":\"row\",\"props\":{\"layout\":\"1-2,1-2\"},\"children\":[{\"type\":\"column\",\"props\":{\"position_sticky_breakpoint\":\"m\",\"image_position\":\"center-center\",\"media_overlay_gradient\":\"\",\"width_medium\":\"1-2\",\"vertical_align\":\"middle\"},\"children\":[{\"type\":\"switcher\",\"props\":{\"show_title\":false,\"show_meta\":false,\"show_content\":true,\"show_image\":false,\"show_link\":false,\"show_label\":true,\"show_thumbnail\":false,\"switcher_animation\":\"fade\",\"switcher_height\":true,\"nav\":\"tab\",\"nav_position\":\"top\",\"nav_align\":\"left\",\"nav_grid_width\":\"auto\",\"nav_grid_breakpoint\":\"m\",\"thumbnav_svg_color\":\"emphasis\",\"title_element\":\"h3\",\"title_align\":\"top\",\"title_grid_width\":\"1-2\",\"title_grid_breakpoint\":\"m\",\"meta_style\":\"meta\",\"meta_align\":\"below-title\",\"meta_element\":\"div\",\"content_column_breakpoint\":\"m\",\"image_svg_color\":\"emphasis\",\"image_align\":\"top\",\"image_grid_width\":\"1-2\",\"image_grid_breakpoint\":\"m\",\"thumbnav_width\":\"100\",\"thumbnav_height\":\"75\",\"link_text\":\"Read more\",\"link_style\":\"default\",\"margin\":\"default\"},\"children\":[{\"type\":\"switcher_item\",\"props\":{\"title\":\"Acceso\",\"content\":\"[profilepress-login id=\\\"1\\\"]\"}},{\"type\":\"switcher_item\",\"props\":{\"title\":\"Registro\",\"content\":\"[profilepress-registration id=\\\"1\\\"]\"}},{\"type\":\"switcher_item\",\"props\":{\"title\":\"Restablecimiento de contrase\\u00f1a\",\"content\":\"[profilepress-password-reset id=\\\"1\\\"]\"}}]}]},{\"type\":\"column\",\"props\":{\"position_sticky_breakpoint\":\"m\",\"image_position\":\"center-center\",\"media_overlay_gradient\":\"\",\"width_medium\":\"1-2\",\"vertical_align\":\"middle\"},\"children\":[{\"type\":\"image\",\"props\":{\"margin\":\"default\",\"image_svg_color\":\"emphasis\",\"image\":\"wp-content\\\/uploads\\\/2022\\\/06\\\/login-image-06.png\"}}]}]}]}],\"version\":\"2.7.22\"} --><\/p>\n","protected":false},"excerpt":{"rendered":"<p>ELIGE EL NIVEL DE TU CLASE Bienvenido a la plataforma abierta de aprendizaje electr\u00f3nico sobre Inteligencia Artificial para la Educaci\u00f3n Primaria. Este espacio de aprendizaje..<\/p>\n","protected":false},"author":1,"featured_media":0,"parent":0,"menu_order":0,"comment_status":"closed","ping_status":"closed","template":"","meta":{"_acf_changed":false,"inline_featured_image":false,"footnotes":""},"class_list":["post-1059","page","type-page","status-publish","hentry"],"acf":[],"_links":{"self":[{"href":"https:\/\/www.elearning.generation-ai.eu\/es\/wp-json\/wp\/v2\/pages\/1059","targetHints":{"allow":["GET"]}}],"collection":[{"href":"https:\/\/www.elearning.generation-ai.eu\/es\/wp-json\/wp\/v2\/pages"}],"about":[{"href":"https:\/\/www.elearning.generation-ai.eu\/es\/wp-json\/wp\/v2\/types\/page"}],"author":[{"embeddable":true,"href":"https:\/\/www.elearning.generation-ai.eu\/es\/wp-json\/wp\/v2\/users\/1"}],"replies":[{"embeddable":true,"href":"https:\/\/www.elearning.generation-ai.eu\/es\/wp-json\/wp\/v2\/comments?post=1059"}],"version-history":[{"count":4,"href":"https:\/\/www.elearning.generation-ai.eu\/es\/wp-json\/wp\/v2\/pages\/1059\/revisions"}],"predecessor-version":[{"id":1916,"href":"https:\/\/www.elearning.generation-ai.eu\/es\/wp-json\/wp\/v2\/pages\/1059\/revisions\/1916"}],"wp:attachment":[{"href":"https:\/\/www.elearning.generation-ai.eu\/es\/wp-json\/wp\/v2\/media?parent=1059"}],"curies":[{"name":"wp","href":"https:\/\/api.w.org\/{rel}","templated":true}]}}